{"id":721,"date":"2026-01-18T13:52:57","date_gmt":"2026-01-18T12:52:57","guid":{"rendered":"https:\/\/thewoodwolf.local\/politica-de-cookies-ue-2\/"},"modified":"2026-01-18T18:58:14","modified_gmt":"2026-01-18T17:58:14","slug":"politica-de-cookies","status":"publish","type":"page","link":"https:\/\/thewoodwolf.com\/es\/politica-de-cookies\/","title":{"rendered":"Pol\u00edtica de cookies (UE)"},"content":{"rendered":"[vc_row type=\u00bbfull_width_content\u00bb full_screen_row_position=\u00bbmiddle\u00bb column_margin=\u00bbdefault\u00bb column_direction=\u00bbdefault\u00bb column_direction_tablet=\u00bbdefault\u00bb column_direction_phone=\u00bbdefault\u00bb bg_color=\u00bb#61705D\u00bb scene_position=\u00bbcenter\u00bb top_padding=\u00bb8%\u00bb bottom_padding=\u00bb4%\u00bb left_padding_desktop=\u00bb10%\u00bb constrain_group_2=\u00bbyes\u00bb right_padding_desktop=\u00bb10%\u00bb top_padding_tablet=\u00bb25%\u00bb text_color=\u00bblight\u00bb text_align=\u00bbleft\u00bb row_border_radius=\u00bbnone\u00bb row_border_radius_applies=\u00bbbg\u00bb row_position_desktop=\u00bbdefault\u00bb row_position_tablet=\u00bbinherit\u00bb row_position_phone=\u00bbinherit\u00bb overflow=\u00bbvisible\u00bb enable_gradient=\u00bbtrue\u00bb color_overlay=\u00bbrgba(10,10,10,0.4)\u00bb color_overlay_2=\u00bb#0a0a0a\u00bb advanced_gradient_angle=\u00bb0&#8243; overlay_strength=\u00bb0.5&#8243; gradient_direction=\u00bbtop_to_bottom\u00bb shape_divider_position=\u00bbbottom\u00bb bg_image_animation=\u00bbzoom-out-slow\u00bb parallax_bg=\u00bbtrue\u00bb parallax_bg_speed=\u00bbfast\u00bb gradient_type=\u00bbdefault\u00bb shape_type=\u00bb\u00bb][vc_column column_padding=\u00bbno-extra-padding\u00bb column_padding_tablet=\u00bbinherit\u00bb column_padding_phone=\u00bbinherit\u00bb column_padding_position=\u00bball\u00bb flex_gap_desktop=\u00bb10px\u00bb column_element_direction_desktop=\u00bbdefault\u00bb column_element_spacing=\u00bb0px\u00bb centered_text=\u00bbtrue\u00bb desktop_text_alignment=\u00bbdefault\u00bb tablet_text_alignment=\u00bbdefault\u00bb phone_text_alignment=\u00bbdefault\u00bb background_color_opacity=\u00bb1&#8243; background_hover_color_opacity=\u00bb1&#8243; column_backdrop_filter=\u00bbnone\u00bb column_shadow=\u00bbnone\u00bb column_border_radius=\u00bbnone\u00bb column_link_target=\u00bb_self\u00bb column_position=\u00bbdefault\u00bb advanced_gradient_angle=\u00bb0&#8243; gradient_direction=\u00bbleft_to_right\u00bb overlay_strength=\u00bb0.3&#8243; width=\u00bb1\/1&#8243; tablet_width_inherit=\u00bbdefault\u00bb animation_type=\u00bbdefault\u00bb bg_image_animation=\u00bbnone\u00bb border_type=\u00bbsimple\u00bb column_border_width=\u00bbnone\u00bb column_border_style=\u00bbsolid\u00bb gradient_type=\u00bbdefault\u00bb][vc_row_inner column_margin=\u00bbnone\u00bb column_direction=\u00bbdefault\u00bb column_direction_tablet=\u00bbdefault\u00bb column_direction_phone=\u00bbdefault\u00bb text_align=\u00bbleft\u00bb row_position=\u00bbdefault\u00bb row_position_tablet=\u00bbinherit\u00bb row_position_phone=\u00bbinherit\u00bb zindex=\u00bb100&#8243; overflow=\u00bbvisible\u00bb pointer_events=\u00bball\u00bb][vc_column_inner column_padding=\u00bbno-extra-padding\u00bb column_padding_tablet=\u00bbinherit\u00bb column_padding_phone=\u00bbinherit\u00bb column_padding_position=\u00bball\u00bb flex_gap_desktop=\u00bb10px\u00bb column_element_direction_desktop=\u00bbdefault\u00bb column_element_spacing=\u00bbdefault\u00bb desktop_text_alignment=\u00bbdefault\u00bb tablet_text_alignment=\u00bbdefault\u00bb phone_text_alignment=\u00bbdefault\u00bb background_color_opacity=\u00bb1&#8243; background_hover_color_opacity=\u00bb1&#8243; column_backdrop_filter=\u00bbnone\u00bb column_shadow=\u00bbnone\u00bb column_border_radius=\u00bbnone\u00bb column_link_target=\u00bb_self\u00bb overflow=\u00bbvisible\u00bb gradient_direction=\u00bbleft_to_right\u00bb overlay_strength=\u00bb0.3&#8243; width=\u00bb1\/1&#8243; tablet_width_inherit=\u00bbdefault\u00bb animation_type=\u00bbdefault\u00bb bg_image_animation=\u00bbnone\u00bb border_type=\u00bbsimple\u00bb column_border_width=\u00bbnone\u00bb column_border_style=\u00bbsolid\u00bb][split_line_heading line_reveal_by_space_text_effect=\u00bbletter-reveal-bottom\u00bb font_style=\u00bbh1&#8243; stagger_animation=\u00bbtrue\u00bb content_alignment=\u00bbdefault\u00bb mobile_content_alignment=\u00bbinherit\u00bb animation_type=\u00bbline-reveal-by-space\u00bb link_target=\u00bb_self\u00bb text_content=\u00bbPOL\u00cdTICA DE COOKIES\u00bb font_size=\u00bb5vw\u00bb text_direction=\u00bbdefault\u00bb][\/split_line_heading][\/vc_column_inner][\/vc_row_inner][vc_row_inner column_margin=\u00bbdefault\u00bb column_direction=\u00bbdefault\u00bb column_direction_tablet=\u00bbdefault\u00bb column_direction_phone=\u00bbdefault\u00bb top_padding=\u00bb1%\u00bb constrain_group_1=\u00bbyes\u00bb bottom_padding=\u00bb1%\u00bb left_padding_desktop=\u00bb25%\u00bb constrain_group_2=\u00bbyes\u00bb right_padding_desktop=\u00bb25%\u00bb text_align=\u00bbleft\u00bb row_position=\u00bbdefault\u00bb row_position_tablet=\u00bbinherit\u00bb row_position_phone=\u00bbinherit\u00bb overflow=\u00bbvisible\u00bb pointer_events=\u00bball\u00bb][vc_column_inner column_padding=\u00bbno-extra-padding\u00bb column_padding_tablet=\u00bbinherit\u00bb column_padding_phone=\u00bbinherit\u00bb column_padding_position=\u00bball\u00bb flex_gap_desktop=\u00bb10px\u00bb column_element_direction_desktop=\u00bbdefault\u00bb column_element_spacing=\u00bbdefault\u00bb desktop_text_alignment=\u00bbdefault\u00bb tablet_text_alignment=\u00bbdefault\u00bb phone_text_alignment=\u00bbdefault\u00bb background_color_opacity=\u00bb1&#8243; background_hover_color_opacity=\u00bb1&#8243; column_backdrop_filter=\u00bbnone\u00bb column_shadow=\u00bbnone\u00bb column_border_radius=\u00bbnone\u00bb column_link_target=\u00bb_self\u00bb overflow=\u00bbvisible\u00bb advanced_gradient_angle=\u00bb0&#8243; gradient_direction=\u00bbleft_to_right\u00bb overlay_strength=\u00bb0.3&#8243; width=\u00bb1\/1&#8243; tablet_width_inherit=\u00bbdefault\u00bb animation_type=\u00bbdefault\u00bb enable_animation=\u00bbtrue\u00bb animation=\u00bbfade-in-from-bottom\u00bb animation_easing=\u00bbdefault\u00bb bg_image_animation=\u00bbnone\u00bb border_type=\u00bbsimple\u00bb column_border_width=\u00bbnone\u00bb column_border_style=\u00bbsolid\u00bb gradient_type=\u00bbdefault\u00bb delay=\u00bb300&#8243;][divider line_type=\u00bbVertical Line\u00bb divider_color=\u00bbwhite\u00bb custom_height=\u00bb50&#8243; custom_height_tablet=\u00bb25&#8243;][\/vc_column_inner][\/vc_row_inner][vc_row_inner column_margin=\u00bbdefault\u00bb column_direction=\u00bbdefault\u00bb column_direction_tablet=\u00bbdefault\u00bb column_direction_phone=\u00bbdefault\u00bb left_padding_desktop=\u00bb30%\u00bb constrain_group_2=\u00bbyes\u00bb right_padding_desktop=\u00bb30%\u00bb left_padding_tablet=\u00bb15%\u00bb constrain_group_4=\u00bbyes\u00bb right_padding_tablet=\u00bb15%\u00bb left_padding_phone=\u00bb8%\u00bb constrain_group_6=\u00bbyes\u00bb right_padding_phone=\u00bb8%\u00bb text_align=\u00bbleft\u00bb row_position=\u00bbdefault\u00bb row_position_tablet=\u00bbinherit\u00bb row_position_phone=\u00bbinherit\u00bb overflow=\u00bbvisible\u00bb pointer_events=\u00bball\u00bb][vc_column_inner column_padding=\u00bbno-extra-padding\u00bb column_padding_tablet=\u00bbinherit\u00bb column_padding_phone=\u00bbinherit\u00bb column_padding_position=\u00bball\u00bb flex_gap_desktop=\u00bb10px\u00bb column_element_direction_desktop=\u00bbdefault\u00bb column_element_spacing=\u00bbdefault\u00bb desktop_text_alignment=\u00bbdefault\u00bb tablet_text_alignment=\u00bbdefault\u00bb phone_text_alignment=\u00bbdefault\u00bb background_color_opacity=\u00bb1&#8243; background_hover_color_opacity=\u00bb1&#8243; column_backdrop_filter=\u00bbnone\u00bb column_shadow=\u00bbnone\u00bb column_border_radius=\u00bbnone\u00bb column_link_target=\u00bb_self\u00bb overflow=\u00bbvisible\u00bb gradient_direction=\u00bbleft_to_right\u00bb overlay_strength=\u00bb0.3&#8243; width=\u00bb1\/1&#8243; tablet_width_inherit=\u00bbdefault\u00bb animation_type=\u00bbdefault\u00bb bg_image_animation=\u00bbnone\u00bb border_type=\u00bbsimple\u00bb column_border_width=\u00bbnone\u00bb column_border_style=\u00bbsolid\u00bb][split_line_heading line_reveal_by_space_text_effect=\u00bbdefault\u00bb font_style=\u00bbp\u00bb stagger_animation=\u00bbtrue\u00bb content_alignment=\u00bbdefault\u00bb mobile_content_alignment=\u00bbinherit\u00bb animation_type=\u00bbline-reveal-by-space\u00bb link_target=\u00bb_self\u00bb text_content=\u00bbwww.thewoodwolf.com\u00bb font_size=\u00bb1.1vw\u00bb font_line_height=\u00bb1.6&#8243; animation_delay=\u00bb500&#8243; animation_offset=\u00bb100%\u00bb font_size_tablet=\u00bb18&#8243; font_size_phone=\u00bb16&#8243; text_direction=\u00bbdefault\u00bb][\/split_line_heading][\/vc_column_inner][\/vc_row_inner][\/vc_column][\/vc_row][vc_row type=\u00bbin_container\u00bb full_screen_row_position=\u00bbmiddle\u00bb column_margin=\u00bbdefault\u00bb column_direction=\u00bbdefault\u00bb column_direction_tablet=\u00bbdefault\u00bb column_direction_phone=\u00bbdefault\u00bb scene_position=\u00bbcenter\u00bb top_padding=\u00bb4%\u00bb text_color=\u00bbdark\u00bb text_align=\u00bbleft\u00bb row_border_radius=\u00bbnone\u00bb row_border_radius_applies=\u00bbbg\u00bb row_position_desktop=\u00bbdefault\u00bb row_position_tablet=\u00bbinherit\u00bb row_position_phone=\u00bbinherit\u00bb overflow=\u00bbvisible\u00bb overlay_strength=\u00bb0.3&#8243; gradient_direction=\u00bbleft_to_right\u00bb shape_divider_position=\u00bbbottom\u00bb bg_image_animation=\u00bbnone\u00bb gradient_type=\u00bbdefault\u00bb shape_type=\u00bb\u00bb][vc_column column_padding=\u00bbno-extra-padding\u00bb column_padding_tablet=\u00bbinherit\u00bb column_padding_phone=\u00bbinherit\u00bb column_padding_position=\u00bball\u00bb flex_gap_desktop=\u00bb10px\u00bb column_element_direction_desktop=\u00bbdefault\u00bb column_element_spacing=\u00bbdefault\u00bb desktop_text_alignment=\u00bbdefault\u00bb tablet_text_alignment=\u00bbdefault\u00bb phone_text_alignment=\u00bbdefault\u00bb background_color_opacity=\u00bb1&#8243; background_hover_color_opacity=\u00bb1&#8243; column_backdrop_filter=\u00bbnone\u00bb column_shadow=\u00bbnone\u00bb column_border_radius=\u00bbnone\u00bb column_link_target=\u00bb_self\u00bb column_position=\u00bbdefault\u00bb gradient_direction=\u00bbleft_to_right\u00bb overlay_strength=\u00bb0.3&#8243; width=\u00bb1\/1&#8243; tablet_width_inherit=\u00bbdefault\u00bb animation_type=\u00bbdefault\u00bb bg_image_animation=\u00bbnone\u00bb border_type=\u00bbsimple\u00bb column_border_width=\u00bbnone\u00bb column_border_style=\u00bbsolid\u00bb][vc_column_text css=\u00bb\u00bb text_direction=\u00bbdefault\u00bb]\n<p>Esta pol\u00edtica de cookies fue actualizada por \u00faltima vez el <span class=\"s1\"><b>18\/01\/2026<\/b><\/span> y se aplica a los ciudadanos y residentes legales permanentes del <span class=\"s1\"><b>Espacio Econ\u00f3mico Europeo y Suiza<\/b><\/span>.<\/p>\n<hr \/>\n<h3><b>1. Introducci\u00f3n<\/b><\/h3>\n<p class=\"p1\">Nuestra web, <span class=\"s1\"><b>https:\/\/thewoodwolf.com<\/b><\/span> (en adelante, \u00abla web\u00bb), utiliza cookies y otras tecnolog\u00edas relacionadas (para mayor comodidad, todas las tecnolog\u00edas se denominan \u00abcookies\u00bb).<\/p>\n<p class=\"p1\">Las cookies tambi\u00e9n son colocadas por terceros a los que hemos contratado. En el siguiente documento te informamos sobre el uso de cookies en nuestra web.<\/p>\n<hr \/>\n<h3><b>2. \u00bfQu\u00e9 son las cookies?<\/b><\/h3>\n<p class=\"p1\">Una cookie es un peque\u00f1o archivo que se env\u00eda junto con las p\u00e1ginas de esta web y que tu navegador almacena en el disco duro de tu ordenador u otro dispositivo. La informaci\u00f3n almacenada puede ser devuelta a nuestros servidores o a los servidores de terceros apropiados durante una visita posterior.<\/p>\n<hr \/>\n<h3><b>3. \u00bfQu\u00e9 son los scripts?<\/b><\/h3>\n<p class=\"p1\">Un script es un fragmento de c\u00f3digo de programa que se utiliza para hacer que nuestra web funcione correctamente y de forma interactiva. Este c\u00f3digo se ejecuta en nuestro servidor o en tu dispositivo.<\/p>\n<hr \/>\n<h3><b>4. \u00bfQu\u00e9 es una baliza web?<\/b><\/h3>\n<p class=\"p1\">Una baliza web (o una etiqueta de p\u00edxel) es una peque\u00f1a e invisible pieza de texto o imagen en una web que se utiliza para monitorear el tr\u00e1fico en una web. Para ello, se almacenan varios datos sobre el usuario mediante estas balizas web.<\/p>\n<hr \/>\n<h3><b>5. Cookies<\/b><\/h3>\n<p><b>5.1 Cookies t\u00e9cnicas o funcionales<\/b><\/p>\n<p class=\"p1\">Algunas cookies aseguran que ciertas partes de la web funcionen correctamente y que tus preferencias de usuario sigan record\u00e1ndose. Al colocar cookies funcionales, te facilitamos la visita a nuestra web.<\/p>\n<p class=\"p1\">De esta manera, no necesitas introducir repetidamente la misma informaci\u00f3n cuando visitas nuestra web y, por ejemplo, los art\u00edculos permanecen en tu cesta de la compra hasta que hayas pagado. Podemos colocar estas cookies sin tu consentimiento.<\/p>\n<hr \/>\n<h3><b>5.2 Cookies de estad\u00edsticas<\/b><\/h3>\n<p class=\"p1\">Utilizamos cookies estad\u00edsticas para optimizar la experiencia de la web para nuestros usuarios. Con estas cookies estad\u00edsticas obtenemos informaci\u00f3n sobre el uso de nuestra web.<\/p>\n<p class=\"p1\">Te pedimos tu permiso para colocar cookies de estad\u00edsticas.<\/p>\n<hr \/>\n<h3><b>5.3 Cookies de marketing \/ seguimiento<\/b><\/h3>\n<p class=\"p1\">Las cookies de marketing o seguimiento son cookies, o cualquier otra forma de almacenamiento local, usadas para crear perfiles de usuario para mostrar publicidad o para hacer el seguimiento del usuario en esta web o en varias webs con fines de marketing similares.<\/p>\n<hr \/>\n<h3><b>6. Cookies usadas<\/b><\/h3>\n<h3><b>WordPress<\/b><\/h3>\n<p class=\"p4\"><b>Funcional<\/b><b><\/b><\/p>\n<p class=\"p1\">Usamos WordPress para el desarrollo del sitio web.<\/p>\n<p class=\"p4\"><b>Cookies:<\/b><b><\/b><\/p>\n<ul>\n<li>\n<p class=\"p1\"><span class=\"s1\">wpEmojiSettingsSupports<\/span> \u2013 sesi\u00f3n \u2013 Guarda detalles del navegador<\/p>\n<\/li>\n<li>\n<p class=\"p1\"><span class=\"s1\">wp-settings-*<\/span> \u2013 persistente \u2013 Guarda preferencias del usuario<\/p>\n<\/li>\n<li>\n<p class=\"p1\"><span class=\"s1\">wordpress_test_cookie<\/span> \u2013 sesi\u00f3n \u2013 Comprueba si se pueden instalar cookies<\/p>\n<\/li>\n<li>\n<p class=\"p1\"><span class=\"s1\">wordpress_logged_in_*<\/span> \u2013 persistente \u2013 Mantiene a los usuarios identificados<\/p>\n<\/li>\n<\/ul>\n<p class=\"p1\">Los datos no se comparten con terceros.<\/p>\n<hr \/>\n<h3><b>Wordfence<\/b><\/h3>\n<p class=\"p4\"><b>Funcional<\/b><b><\/b><\/p>\n<p class=\"p1\">Usamos Wordfence para la seguridad del sitio web.<\/p>\n<p class=\"p4\"><b>Cookie:<\/b><b><\/b><\/p>\n<ul>\n<li>\n<p class=\"p1\"><span class=\"s1\">wfwaf-authcookie*<\/span> \u2013 1 d\u00eda \u2013 Determina si el usuario ha iniciado sesi\u00f3n<\/p>\n<\/li>\n<\/ul>\n<p class=\"p1\">Para m\u00e1s informaci\u00f3n, consulta la pol\u00edtica de privacidad de Wordfence.<\/p>\n<hr \/>\n<h3><b>Google Fonts<\/b><\/h3>\n<p class=\"p4\"><b>Marketing<\/b><b><\/b><\/p>\n<p class=\"p1\">Usamos Google Fonts para mostrar fuentes web.<\/p>\n<p class=\"p4\"><b>Cookie:<\/b><b><\/b><\/p>\n<ul>\n<li>\n<p class=\"p1\">Google Fonts API \u2013 solicita la direcci\u00f3n IP del usuario<\/p>\n<\/li>\n<\/ul>\n<p class=\"p1\">Para m\u00e1s informaci\u00f3n, consulta la pol\u00edtica de privacidad de Google Fonts.<\/p>\n<hr \/>\n<h3><b>YouTube<\/b><\/h3>\n<p class=\"p4\"><b>Marketing<\/b><b><\/b><\/p>\n<p class=\"p1\">Usamos YouTube para mostrar v\u00eddeos.<\/p>\n<p class=\"p4\"><b>Cookies:<\/b><b><\/b><\/p>\n<ul>\n<li>\n<p class=\"p1\"><span class=\"s1\">GPS<\/span> \u2013 sesi\u00f3n \u2013 Guarda datos de ubicaci\u00f3n<\/p>\n<\/li>\n<li>\n<p class=\"p1\"><span class=\"s1\">VISITOR_INFO1_LIVE<\/span> \u2013 6 meses \u2013 Publicidad o retargeting<\/p>\n<\/li>\n<li>\n<p class=\"p1\"><span class=\"s1\">YSC<\/span> \u2013 sesi\u00f3n \u2013 Seguimiento de interacci\u00f3n<\/p>\n<\/li>\n<li>\n<p class=\"p1\"><span class=\"s1\">PREF<\/span> \u2013 8 meses \u2013 Guarda preferencias del usuario<\/p>\n<\/li>\n<\/ul>\n<p class=\"p1\">Para m\u00e1s informaci\u00f3n, consulta la pol\u00edtica de privacidad de YouTube.<\/p>\n<hr \/>\n<h3><b>Complianz<\/b><\/h3>\n<p class=\"p4\"><b>Funcional<\/b><b><\/b><\/p>\n<p class=\"p1\">Usamos Complianz para la gesti\u00f3n del consentimiento de cookies.<\/p>\n<p class=\"p4\"><b>Cookies:<\/b><b><\/b><\/p>\n<ul>\n<li>\n<p class=\"p1\"><span class=\"s1\">cmplz_functional<\/span> \u2013 365 d\u00edas \u2013 Guarda preferencias de consentimiento<\/p>\n<\/li>\n<li>\n<p class=\"p1\"><span class=\"s1\">cmplz_statistics<\/span> \u2013 365 d\u00edas \u2013 Guarda preferencias de consentimiento<\/p>\n<\/li>\n<li>\n<p class=\"p1\"><span class=\"s1\">cmplz_preferences<\/span> \u2013 365 d\u00edas \u2013 Guarda preferencias de consentimiento<\/p>\n<\/li>\n<li>\n<p class=\"p1\"><span class=\"s1\">cmplz_marketing<\/span> \u2013 365 d\u00edas \u2013 Guarda preferencias de consentimiento<\/p>\n<\/li>\n<\/ul>\n<p class=\"p1\">Los datos no se comparten con terceros.<\/p>\n<hr \/>\n<h3><b>Varios<\/b><\/h3>\n<p class=\"p4\"><b>Prop\u00f3sito pendiente de investigaci\u00f3n<\/b><b><\/b><\/p>\n<p class=\"p1\">Cookies detectadas:<\/p>\n<ul>\n<li>\n<p class=\"p1\">uagSvgConfirmation<\/p>\n<\/li>\n<li>\n<p class=\"p1\">copiedShortcode<\/p>\n<\/li>\n<li>\n<p class=\"p1\">wp-autosave-1<\/p>\n<\/li>\n<li>\n<p class=\"p1\">redux_current_tab_get<\/p>\n<\/li>\n<li>\n<p class=\"p1\">redux_current_tab<\/p>\n<\/li>\n<li>\n<p class=\"p1\">wp-settings-time-1<\/p>\n<\/li>\n<\/ul>\n<p class=\"p1\">El intercambio de datos est\u00e1 pendiente de investigaci\u00f3n.<\/p>\n<hr \/>\n<h3><b>7. Consentimiento<\/b><\/h3>\n<p class=\"p1\">Cuando visites nuestra web por primera vez, te mostraremos una ventana emergente con una explicaci\u00f3n sobre las cookies. Al hacer clic en <span class=\"s1\"><b>\u00abGuardar preferencias\u00bb<\/b><\/span>, aceptas el uso de las categor\u00edas de cookies seleccionadas, tal y como se describe en esta pol\u00edtica.<\/p>\n<p class=\"p1\">Puedes desactivar el uso de cookies a trav\u00e9s de tu navegador, pero ten en cuenta que la web puede no funcionar correctamente.<\/p>\n<hr \/>\n<h3><b>7.1 Gestiona tus ajustes de consentimiento<\/b><\/h3>\n<ul>\n<li>\n<p class=\"p1\"><b>Funcional (siempre activo)<\/b><b><\/b><\/p>\n<p class=\"p2\">El almacenamiento o acceso t\u00e9cnico es estrictamente necesario para permitir el uso de un servicio solicitado por el usuario.<\/p>\n<\/li>\n<li>\n<p class=\"p1\"><b>Estad\u00edsticas<\/b><b><\/b><\/p>\n<p class=\"p2\">El almacenamiento o acceso t\u00e9cnico se utiliza exclusivamente con fines estad\u00edsticos an\u00f3nimos.<\/p>\n<\/li>\n<li>\n<p class=\"p1\"><b>Marketing<\/b><b><\/b><\/p>\n<p class=\"p2\">El almacenamiento o acceso t\u00e9cnico es necesario para crear perfiles de usuario o realizar seguimiento con fines de marketing.<\/p>\n<\/li>\n<\/ul>\n<hr \/>\n<h3><b>8. Activaci\u00f3n, desactivaci\u00f3n y borrado de cookies<\/b><\/h3>\n<p class=\"p1\">Puedes eliminar o bloquear cookies desde la configuraci\u00f3n de tu navegador. Tambi\u00e9n puedes configurar avisos cuando se instalen cookies.<\/p>\n<p class=\"p1\">Si desactivas todas las cookies, es posible que la web no funcione correctamente. Al eliminar cookies, estas se volver\u00e1n a instalar tras otorgar nuevamente tu consentimiento.<\/p>\n<hr \/>\n<h3><b>9. Tus derechos con respecto a los datos personales<\/b><\/h3>\n<p class=\"p1\">Tienes derecho a:<\/p>\n<ul>\n<li>\n<p class=\"p1\">Saber por qu\u00e9 se necesitan tus datos y durante cu\u00e1nto tiempo se conservar\u00e1n<\/p>\n<\/li>\n<li>\n<p class=\"p1\">Acceder a tus datos personales<\/p>\n<\/li>\n<li>\n<p class=\"p1\">Rectificar, borrar o bloquear tus datos<\/p>\n<\/li>\n<li>\n<p class=\"p1\">Retirar tu consentimiento en cualquier momento<\/p>\n<\/li>\n<li>\n<p class=\"p1\">Solicitar la portabilidad de tus datos<\/p>\n<\/li>\n<li>\n<p class=\"p1\">Oponerte al tratamiento de tus datos<\/p>\n<\/li>\n<\/ul>\n<p class=\"p1\">Tambi\u00e9n tienes derecho a presentar una reclamaci\u00f3n ante la autoridad de protecci\u00f3n de datos.<\/p>\n<hr \/>\n<h3><b>10. Datos de contacto<\/b><\/h3>\n<p class=\"p1\">Para cualquier consulta sobre esta pol\u00edtica de cookies, puedes contactar con:<\/p>\n<p class=\"p4\"><b>Dualis Creative S.L.<\/b><b><\/b><\/p>\n<p class=\"p1\">Calle Los Almendros 61, 28816 Camarma de Esteruelas, Madrid, Espa\u00f1a<\/p>\n<p class=\"p1\"><span class=\"s1\"><b>Web:<\/b><\/span> https:\/\/thewoodwolf.com<\/p>\n<p class=\"p1\"><span class=\"s1\"><b>Correo electr\u00f3nico:<\/b><\/span> hello@thewoodwolf.com<\/p>\n<p class=\"p1\"><span class=\"s1\"><b>Tel\u00e9fono:<\/b><\/span> 620 520 397<\/p>\n[\/vc_column_text][\/vc_column][\/vc_row]\n","protected":false},"excerpt":{"rendered":"<p>[vc_row type=\u00bbfull_width_content\u00bb full_screen_row_position=\u00bbmiddle\u00bb column_margin=\u00bbdefault\u00bb column_direction=\u00bbdefault\u00bb column_direction_tablet=\u00bbdefault\u00bb column_direction_phone=\u00bbdefault\u00bb bg_color=\u00bb#61705D\u00bb scene_position=\u00bbcenter\u00bb top_padding=\u00bb8%\u00bb bottom_padding=\u00bb4%\u00bb left_padding_desktop=\u00bb10%\u00bb constrain_group_2=\u00bbyes\u00bb right_padding_desktop=\u00bb10%\u00bb top_padding_tablet=\u00bb25%\u00bb text_color=\u00bblight\u00bb text_align=\u00bbleft\u00bb row_border_radius=\u00bbnone\u00bb row_border_radius_applies=\u00bbbg\u00bb row_position_desktop=\u00bbdefault\u00bb row_position_tablet=\u00bbinherit\u00bb row_position_phone=\u00bbinherit\u00bb overflow=\u00bbvisible\u00bb enable_gradient=\u00bbtrue\u00bb color_overlay=\u00bbrgba(10,10,10,0.4)\u00bb color_overlay_2=\u00bb#0a0a0a\u00bb advanced_gradient_angle=\u00bb0&#8243; overlay_strength=\u00bb0.5&#8243; gradient_direction=\u00bbtop_to_bottom\u00bb shape_divider_position=\u00bbbottom\u00bb&#8230;<\/p>\n","protected":false},"author":1,"featured_media":0,"parent":0,"menu_order":0,"comment_status":"closed","ping_status":"closed","template":"","meta":{"footnotes":""},"class_list":["post-721","page","type-page","status-publish"],"_links":{"self":[{"href":"https:\/\/thewoodwolf.com\/es\/wp-json\/wp\/v2\/pages\/721","targetHints":{"allow":["GET"]}}],"collection":[{"href":"https:\/\/thewoodwolf.com\/es\/wp-json\/wp\/v2\/pages"}],"about":[{"href":"https:\/\/thewoodwolf.com\/es\/wp-json\/wp\/v2\/types\/page"}],"author":[{"embeddable":true,"href":"https:\/\/thewoodwolf.com\/es\/wp-json\/wp\/v2\/users\/1"}],"replies":[{"embeddable":true,"href":"https:\/\/thewoodwolf.com\/es\/wp-json\/wp\/v2\/comments?post=721"}],"version-history":[{"count":3,"href":"https:\/\/thewoodwolf.com\/es\/wp-json\/wp\/v2\/pages\/721\/revisions"}],"predecessor-version":[{"id":731,"href":"https:\/\/thewoodwolf.com\/es\/wp-json\/wp\/v2\/pages\/721\/revisions\/731"}],"wp:attachment":[{"href":"https:\/\/thewoodwolf.com\/es\/wp-json\/wp\/v2\/media?parent=721"}],"curies":[{"name":"wp","href":"https:\/\/api.w.org\/{rel}","templated":true}]}}